{"id":2939,"date":"2019-01-02T20:36:16","date_gmt":"2019-01-02T19:36:16","guid":{"rendered":"https:\/\/diagma.com\/?page_id=2939"},"modified":"2025-02-25T10:45:36","modified_gmt":"2025-02-25T09:45:36","slug":"contact","status":"publish","type":"page","link":"https:\/\/diagma.com\/en\/contact\/","title":{"rendered":"Contact"},"content":{"rendered":"<div id=\"pl-2939\"  class=\"panel-layout\" ><div id=\"pg-2939-0\"  class=\"panel-grid panel-no-style\" ><div id=\"pgc-2939-0-0\"  class=\"panel-grid-cell\" ><div id=\"panel-2939-0-0-0\" class=\"so-panel widget widget_sow-editor panel-first-child widgetopts-SO\" data-index=\"0\" ><div\n\t\t\t\n\t\t\tclass=\"so-widget-sow-editor so-widget-sow-editor-base\"\n\t\t\t\n\t\t>\n<div class=\"siteorigin-widget-tinymce textwidget\">\n\t<p>To contact us :\u00a0 by email <a href=\"mailto:contact@diagma.com\">contactweb@diagma.com<\/a> or by phone\u00a0<a href=\"mailto:+1 505 410 7243\">+1 505 410 7243<\/a>\u00a0otherwise fill out the form below :<\/p>\n<\/div>\n<\/div><\/div><div id=\"panel-2939-0-0-1\" class=\"widget_text so-panel widget widget_custom_html panel-last-child\" data-index=\"1\" ><div class=\"textwidget custom-html-widget\"><form action=\"https:\/\/webto.salesforce.com\/servlet\/servlet.WebToLead?encoding=UTF-8\" method=\"POST\" class=\"form contact-form\">\n<div class=\"row\">\n\t\n<input type=hidden name=\"oid\" value=\"00DD0000000p1M0\">\n<input type=hidden name=\"retURL\" value=\"https:\/\/diagma.com\/en\/contact\/thanks\">\n\n<!--  ----------------------------------------------------------------------  -->\n<!--  REMARQUE : Ces champs sont des \u00e9l\u00e9ments de d\u00e9bogage facultatifs.        -->\n<!--  N'ins\u00e9rez aucun commentaire sur ces lignes si vous voulez tester en     -->\n<!--  mode d\u00e9bogage.                                                          -->\n<!--  <input type=\"hidden\" name=\"debug\" value=1>                              -->\n<!--  <input type=\"hidden\" name=\"debugEmail\"                                  -->\n<!--  value=\"crasaminaivo@diagma.com\">                                        -->\n<!--  ----------------------------------------------------------------------  -->\n<div class=\"col-md-6 col-sm-6 col-12\">\n\t<div class=\"form-group\">\n\t\t<label for=\"company\">Company<\/label>\n\t\t<input class=\"form-control\" id=\"company\" maxlength=\"40\" name=\"company\" size=\"20\" type=\"text\" \/>\n\t<\/div>\n<\/div>\n\t\n<div class=\"col-md-6 col-sm-6 col-12\">\n\t<div class=\"form-group civility\">\n\t\t<label for=\"salutation\">Salutation<\/label>\n\t\t<select class=\"form-control\" id=\"salutation\" name=\"salutation\">\n\t\t\t<option value=\"\">- None -<\/option><option value=\"M.\">Mr<\/option>\n\t\t\t<option value=\"Mme\">Mrs<\/option>\n\t\t\t<option value=\"Dr\">Dr<\/option>\n\t\t\t<option value=\"Prof.\">Prof.<\/option>\n\t\t<\/select>\n\t<\/div>\n<\/div>\n\t\n<div class=\"col-md-6 col-sm-6 col-12\">\n\t<div class=\"form-group\">\n\t\t<label for=\"first_name\">First Name<\/label>\n\t\t<input class=\"form-control\" id=\"first_name\" maxlength=\"40\" name=\"first_name\" size=\"20\" type=\"text\" \/>\n\t<\/div>\n<\/div>\n\t\n<div class=\"col-md-6 col-sm-6 col-12\">\n\t<div class=\"form-group\">\n\t\t<label for=\"last_name\">Last Name<\/label>\n\t\t<input class=\"form-control\" id=\"last_name\" maxlength=\"80\" name=\"last_name\" size=\"20\" type=\"text\" \/>\n\t<\/div>\n<\/div>\n\t\n<div class=\"col-md-6 col-sm-6 col-12\">\n\t<div class=\"form-group\">\n\t\t<label for=\"title\">Title<\/label>\n\t\t<input class=\"form-control\" id=\"title\" maxlength=\"40\" name=\"title\" size=\"20\" type=\"text\" \/>\n\t<\/div>\n<\/div>\n\t\n<div class=\"col-md-6 col-sm-6 col-12\">\n\t<div class=\"form-group\">\n\t\t<label for=\"email\">E-mail <span class=\"required\">*<\/span><\/label>\n\t\t<input class=\"form-control\" id=\"email\" maxlength=\"80\" name=\"email\" size=\"20\" type=\"text\" required=\"required\" \/>\n\t<\/div>\n<\/div>\n\n<div class=\"col-md-6 col-sm-6 col-12\">\n\t<div class=\"form-group\">\n\t\t<label for=\"phone\">Phone<\/label>\n\t\t<input class=\"form-control\" id=\"phone\" maxlength=\"40\" name=\"phone\" size=\"20\" type=\"text\" \/>\n\t<\/div>\n<\/div>\n\n<div class=\"col-md-12 col-sm-12 col-12\">\n\t<div class=\"form-group\">\n\t\t<label for=\"00ND0000004fTPj\">Message : <span class=\"required\">*<\/span><\/label>\n\t\t<textarea class=\"form-control\" id=\"00ND0000004fTPj\" name=\"00ND0000004fTPj\" rows=\"3\" type=\"text\" wrap=\"soft\" required=\"required\"><\/textarea>\n\t<\/div>\n<\/div>\n\n<div class=\"col-md-12 col-sm-12 col-12\">\n\t<div class=\"form-group text-center\">\n\t\t<button type=\"submit\" name=\"Valider\" class=\"btn btn-submit\">Submit<\/button>\n\t<\/div>\n<\/div>\n<\/div>\n<\/form><\/div><\/div><\/div><\/div><\/div>","protected":false},"excerpt":{"rendered":"<p>To contact us :\u00a0 by email contactweb@diagma.com or by phone\u00a0+1 505 410 7243\u00a0otherwise fill out the form below :<\/p>\n","protected":false},"author":1,"featured_media":0,"parent":0,"menu_order":0,"comment_status":"closed","ping_status":"closed","template":"","meta":{"_acf_changed":false,"_monsterinsights_skip_tracking":false,"_monsterinsights_sitenote_active":false,"_monsterinsights_sitenote_note":"","_monsterinsights_sitenote_category":0,"_uf_show_specific_survey":0,"_uf_disable_surveys":false,"footnotes":""},"acf":[],"yoast_head":"<!-- This site is optimized with the Yoast SEO Premium plugin v22.4 (Yoast SEO v23.5) - https:\/\/yoast.com\/wordpress\/plugins\/seo\/ -->\n<title>Contact us | DIAGMA<\/title>\n<meta name=\"robots\" content=\"index, follow, max-snippet:-1, max-image-preview:large, max-video-preview:-1\" \/>\n<link rel=\"canonical\" href=\"https:\/\/diagma.com\/en\/contact\/\" \/>\n<meta property=\"og:locale\" content=\"en_US\" \/>\n<meta property=\"og:type\" content=\"article\" \/>\n<meta property=\"og:title\" content=\"Contact\" \/>\n<meta property=\"og:description\" content=\"To contact us :\u00a0 by email contactweb@diagma.com or by phone\u00a0+1 505 410 7243\u00a0otherwise fill out the form below :\" \/>\n<meta property=\"og:url\" content=\"https:\/\/diagma.com\/en\/contact\/\" \/>\n<meta property=\"og:site_name\" content=\"Diagma\" \/>\n<meta property=\"article:modified_time\" content=\"2025-02-25T09:45:36+00:00\" \/>\n<meta property=\"og:image\" content=\"https:\/\/diagma.com\/wp-content\/uploads\/2019\/01\/diagma-social-share.png\" \/>\n\t<meta property=\"og:image:width\" content=\"1248\" \/>\n\t<meta property=\"og:image:height\" content=\"702\" \/>\n\t<meta property=\"og:image:type\" content=\"image\/png\" \/>\n<meta name=\"twitter:card\" content=\"summary_large_image\" \/>\n<meta name=\"twitter:label1\" content=\"Est. reading time\" \/>\n\t<meta name=\"twitter:data1\" content=\"1 minute\" \/>\n<script type=\"application\/ld+json\" class=\"yoast-schema-graph\">{\"@context\":\"https:\/\/schema.org\",\"@graph\":[{\"@type\":\"WebPage\",\"@id\":\"https:\/\/diagma.com\/en\/contact\/\",\"url\":\"https:\/\/diagma.com\/en\/contact\/\",\"name\":\"Contact us | DIAGMA\",\"isPartOf\":{\"@id\":\"https:\/\/diagma.com\/#website\"},\"datePublished\":\"2019-01-02T19:36:16+00:00\",\"dateModified\":\"2025-02-25T09:45:36+00:00\",\"breadcrumb\":{\"@id\":\"https:\/\/diagma.com\/en\/contact\/#breadcrumb\"},\"inLanguage\":\"en-US\",\"potentialAction\":[{\"@type\":\"ReadAction\",\"target\":[\"https:\/\/diagma.com\/en\/contact\/\"]}]},{\"@type\":\"BreadcrumbList\",\"@id\":\"https:\/\/diagma.com\/en\/contact\/#breadcrumb\",\"itemListElement\":[{\"@type\":\"ListItem\",\"position\":1,\"name\":\"Accueil\",\"item\":\"https:\/\/diagma.com\/en\/\"},{\"@type\":\"ListItem\",\"position\":2,\"name\":\"Contact\"}]},{\"@type\":\"WebSite\",\"@id\":\"https:\/\/diagma.com\/#website\",\"url\":\"https:\/\/diagma.com\/\",\"name\":\"Diagma\",\"description\":\"Smart and sustainable supply chain designers\",\"publisher\":{\"@id\":\"https:\/\/diagma.com\/#organization\"},\"potentialAction\":[{\"@type\":\"SearchAction\",\"target\":{\"@type\":\"EntryPoint\",\"urlTemplate\":\"https:\/\/diagma.com\/?s={search_term_string}\"},\"query-input\":{\"@type\":\"PropertyValueSpecification\",\"valueRequired\":true,\"valueName\":\"search_term_string\"}}],\"inLanguage\":\"en-US\"},{\"@type\":\"Organization\",\"@id\":\"https:\/\/diagma.com\/#organization\",\"name\":\"DIAGMA\",\"url\":\"https:\/\/diagma.com\/\",\"logo\":{\"@type\":\"ImageObject\",\"inLanguage\":\"en-US\",\"@id\":\"https:\/\/diagma.com\/#\/schema\/logo\/image\/\",\"url\":\"https:\/\/diagma.com\/wp-content\/uploads\/2022\/10\/cropped-LOGO-DIAGMA-092022.png\",\"contentUrl\":\"https:\/\/diagma.com\/wp-content\/uploads\/2022\/10\/cropped-LOGO-DIAGMA-092022.png\",\"width\":659,\"height\":250,\"caption\":\"DIAGMA\"},\"image\":{\"@id\":\"https:\/\/diagma.com\/#\/schema\/logo\/image\/\"},\"sameAs\":[\"https:\/\/www.linkedin.com\/company\/diagma\/\"]}]}<\/script>\n<!-- \/ Yoast SEO Premium plugin. -->","yoast_head_json":{"title":"Contact us | DIAGMA","robots":{"index":"index","follow":"follow","max-snippet":"max-snippet:-1","max-image-preview":"max-image-preview:large","max-video-preview":"max-video-preview:-1"},"canonical":"https:\/\/diagma.com\/en\/contact\/","og_locale":"en_US","og_type":"article","og_title":"Contact","og_description":"To contact us :\u00a0 by email contactweb@diagma.com or by phone\u00a0+1 505 410 7243\u00a0otherwise fill out the form below :","og_url":"https:\/\/diagma.com\/en\/contact\/","og_site_name":"Diagma","article_modified_time":"2025-02-25T09:45:36+00:00","og_image":[{"width":1248,"height":702,"url":"https:\/\/diagma.com\/wp-content\/uploads\/2019\/01\/diagma-social-share.png","type":"image\/png"}],"twitter_card":"summary_large_image","twitter_misc":{"Est. reading time":"1 minute"},"schema":{"@context":"https:\/\/schema.org","@graph":[{"@type":"WebPage","@id":"https:\/\/diagma.com\/en\/contact\/","url":"https:\/\/diagma.com\/en\/contact\/","name":"Contact us | DIAGMA","isPartOf":{"@id":"https:\/\/diagma.com\/#website"},"datePublished":"2019-01-02T19:36:16+00:00","dateModified":"2025-02-25T09:45:36+00:00","breadcrumb":{"@id":"https:\/\/diagma.com\/en\/contact\/#breadcrumb"},"inLanguage":"en-US","potentialAction":[{"@type":"ReadAction","target":["https:\/\/diagma.com\/en\/contact\/"]}]},{"@type":"BreadcrumbList","@id":"https:\/\/diagma.com\/en\/contact\/#breadcrumb","itemListElement":[{"@type":"ListItem","position":1,"name":"Accueil","item":"https:\/\/diagma.com\/en\/"},{"@type":"ListItem","position":2,"name":"Contact"}]},{"@type":"WebSite","@id":"https:\/\/diagma.com\/#website","url":"https:\/\/diagma.com\/","name":"Diagma","description":"Smart and sustainable supply chain designers","publisher":{"@id":"https:\/\/diagma.com\/#organization"},"potentialAction":[{"@type":"SearchAction","target":{"@type":"EntryPoint","urlTemplate":"https:\/\/diagma.com\/?s={search_term_string}"},"query-input":{"@type":"PropertyValueSpecification","valueRequired":true,"valueName":"search_term_string"}}],"inLanguage":"en-US"},{"@type":"Organization","@id":"https:\/\/diagma.com\/#organization","name":"DIAGMA","url":"https:\/\/diagma.com\/","logo":{"@type":"ImageObject","inLanguage":"en-US","@id":"https:\/\/diagma.com\/#\/schema\/logo\/image\/","url":"https:\/\/diagma.com\/wp-content\/uploads\/2022\/10\/cropped-LOGO-DIAGMA-092022.png","contentUrl":"https:\/\/diagma.com\/wp-content\/uploads\/2022\/10\/cropped-LOGO-DIAGMA-092022.png","width":659,"height":250,"caption":"DIAGMA"},"image":{"@id":"https:\/\/diagma.com\/#\/schema\/logo\/image\/"},"sameAs":["https:\/\/www.linkedin.com\/company\/diagma\/"]}]}},"_links":{"self":[{"href":"https:\/\/diagma.com\/en\/wp-json\/wp\/v2\/pages\/2939\/"}],"collection":[{"href":"https:\/\/diagma.com\/en\/wp-json\/wp\/v2\/pages\/"}],"about":[{"href":"https:\/\/diagma.com\/en\/wp-json\/wp\/v2\/types\/page\/"}],"author":[{"embeddable":true,"href":"https:\/\/diagma.com\/en\/wp-json\/wp\/v2\/users\/1\/"}],"replies":[{"embeddable":true,"href":"https:\/\/diagma.com\/en\/wp-json\/wp\/v2\/comments\/?post=2939"}],"version-history":[{"count":3,"href":"https:\/\/diagma.com\/en\/wp-json\/wp\/v2\/pages\/2939\/revisions\/"}],"predecessor-version":[{"id":10482,"href":"https:\/\/diagma.com\/en\/wp-json\/wp\/v2\/pages\/2939\/revisions\/10482\/"}],"wp:attachment":[{"href":"https:\/\/diagma.com\/en\/wp-json\/wp\/v2\/media\/?parent=2939"}],"curies":[{"name":"wp","href":"https:\/\/api.w.org\/{rel}","templated":true}]}}